{"id":11142,"date":"2025-03-31T12:21:21","date_gmt":"2025-03-31T12:21:21","guid":{"rendered":"https:\/\/dentx.international\/blog\/"},"modified":"2026-03-02T03:01:02","modified_gmt":"2026-03-02T03:01:02","slug":"blog","status":"publish","type":"page","link":"https:\/\/dentx.international\/sq\/blog\/","title":{"rendered":"Blog"},"content":{"rendered":"\t\t<div data-elementor-type=\"wp-page\" data-elementor-id=\"11142\" class=\"elementor elementor-11142\" data-elementor-post-type=\"page\">\n\t\t\t\t<div class=\"elementor-element elementor-element-3c6619a e-con-full e-flex e-con e-parent\" data-id=\"3c6619a\" data-element_type=\"container\" data-e-type=\"container\">\n\t\t<div class=\"elementor-element elementor-element-2f144d2 e-con-full e-flex e-con e-child\" data-id=\"2f144d2\" data-element_type=\"container\" data-e-type=\"container\" data-settings=\"{&quot;background_background&quot;:&quot;classic&quot;}\">\n\t\t<div class=\"elementor-element elementor-element-ca5c6cc e-con-full e-flex e-con e-child\" data-id=\"ca5c6cc\" data-element_type=\"container\" data-e-type=\"container\">\n\t\t\t\t<div class=\"elementor-element elementor-element-d2b3d75 at-heading-animation at-animation-heading-style-3 elementor-widget elementor-widget-heading\" data-id=\"d2b3d75\" data-element_type=\"widget\" data-e-type=\"widget\" data-widget_type=\"heading.default\">\n\t\t\t\t\t<h2 class=\"elementor-heading-title elementor-size-default\">Njohurit\u00eb tona m\u00eb t\u00eb fundit mbi stomatologjin\u00eb moderne dhe sh\u00ebndetin oral<\/h2>\t\t\t\t<\/div>\n\t\t\t\t<\/div>\n\t\t<div class=\"elementor-element elementor-element-360372a e-con-full e-flex elementor-invisible e-con e-child\" data-id=\"360372a\" data-element_type=\"container\" data-e-type=\"container\" data-settings=\"{&quot;animation&quot;:&quot;fadeInUp&quot;}\">\n\t\t\t\t<div class=\"elementor-element elementor-element-b5f600a our-blog elementor-widget elementor-widget-elementskit-blog-posts\" data-id=\"b5f600a\" data-element_type=\"widget\" data-e-type=\"widget\" data-widget_type=\"elementskit-blog-posts.default\">\n\t\t\t\t\t<div class=\"ekit-wid-con\" >        <div id=\"post-items--b5f600a\" class=\"row post-items\">\n                    <div class=\"col-md-12\">\n\n                                    <div class=\"elementskit-blog-block-post\">\n                        <div class=\"row no-gutters\">\n                                                            <div class=\"col-md-6 order-1\">\n                                    <a href=\"https:\/\/dentx.international\/sq\/2026\/02\/27\/10-mistakes-europeans-make-when-traveling-for-dental-treatments-and-how-to-avoid-them\/\" class=\"elementskit-entry-thumb\">\n                                        <img decoding=\"async\" src=\"https:\/\/dentx.international\/wp-content\/uploads\/2026\/02\/Aesthetic-Dentistry-_Aesthetic-Dentistry-04-scaled.jpg\" alt=\"10 Gabime q\u00eb B\u00ebjn\u00eb Evropian\u00ebt Kur Udh\u00ebtojn\u00eb p\u00ebr Trajtime Dentare (Dhe Si t\u2019i Shmangin)\">\n                                    <\/a><!-- .elementskit-entry-thumb END -->\n                                <\/div>\n                            \n                            <div class=\"col-md-6 order-2\">\n                                <div class=\"elementskit-post-body \">\n                                    <div class=\"elementskit-entry-header\">\n                                        \n                                                                                                                                        \n                                            \n                                                                                            \t\t\t\t<h2 class=\"entry-title\">\n\t\t\t\t\t<a href=\"https:\/\/dentx.international\/sq\/2026\/02\/27\/10-mistakes-europeans-make-when-traveling-for-dental-treatments-and-how-to-avoid-them\/\">\n\t\t\t\t\t\t10 Gabime q\u00eb B\u00ebjn\u00eb Evropian\u00ebt Kur Udh\u00ebtojn\u00eb p\u00ebr Trajtime Dentare (Dhe Si t\u2019i Shmangin)\t\t\t\t\t<\/a>\n\t\t\t\t<\/h2>\n\t\t\t                                                                                <\/div><!-- .elementskit-entry-header END -->\n\n                                                                            <div class=\"elementskit-post-footer\">\n                                                                                            <p>Vitet e fundit, turizmi dentar \u00ebsht\u00eb rritur ndjesh\u00ebm [&hellip;]<\/p>\n                                                                                                                                <\/div><!-- .elementskit-post-footer END -->\n                                                                    <\/div><!-- .elementskit-post-body END -->\n                            <\/div>\n                        <\/div>\n                    <\/div><!-- .elementskit-blog-block-post .radius .gradient-bg END -->\n                \n            <\/div>\n                    <div class=\"col-md-12\">\n\n                                    <div class=\"elementskit-blog-block-post\">\n                        <div class=\"row no-gutters\">\n                                                            <div class=\"col-md-6 order-1\">\n                                    <a href=\"https:\/\/dentx.international\/sq\/2026\/02\/27\/the-real-costs-of-dental-tourism-in-2025-beyond-the-cheap-deals-what-premium-clinics-offer-that-bargain-clinics-dont\/\" class=\"elementskit-entry-thumb\">\n                                        <img decoding=\"async\" src=\"https:\/\/dentx.international\/wp-content\/uploads\/2026\/02\/Dental-Implant_Dental-Implant-scaled.jpg\" alt=\"Kostot Reale t\u00eb Turizmit Dentar n\u00eb 2025: P\u00ebrtej Ofertave t\u00eb Lira (\u00c7far\u00eb Ofron nj\u00eb Klinik\u00eb Premium q\u00eb Klinikat me \u00c7mime t\u00eb Ul\u00ebta Nuk Ofron)\">\n                                    <\/a><!-- .elementskit-entry-thumb END -->\n                                <\/div>\n                            \n                            <div class=\"col-md-6 order-2\">\n                                <div class=\"elementskit-post-body \">\n                                    <div class=\"elementskit-entry-header\">\n                                        \n                                                                                                                                        \n                                            \n                                                                                            \t\t\t\t<h2 class=\"entry-title\">\n\t\t\t\t\t<a href=\"https:\/\/dentx.international\/sq\/2026\/02\/27\/the-real-costs-of-dental-tourism-in-2025-beyond-the-cheap-deals-what-premium-clinics-offer-that-bargain-clinics-dont\/\">\n\t\t\t\t\t\tKostot Reale t\u00eb Turizmit Dentar n\u00eb 2025: P\u00ebrtej Ofertave t\u00eb Lira (\u00c7far\u00eb Ofron nj\u00eb Klinik\u00eb Premium q\u00eb Klinikat me \u00c7mime t\u00eb Ul\u00ebta Nuk Ofron)\t\t\t\t\t<\/a>\n\t\t\t\t<\/h2>\n\t\t\t                                                                                <\/div><!-- .elementskit-entry-header END -->\n\n                                                                            <div class=\"elementskit-post-footer\">\n                                                                                            <p>T\u00ebrheqja p\u00ebr t\u00eb udh\u00ebtuar jasht\u00eb vendit p\u00ebr kujdes [&hellip;]<\/p>\n                                                                                                                                <\/div><!-- .elementskit-post-footer END -->\n                                                                    <\/div><!-- .elementskit-post-body END -->\n                            <\/div>\n                        <\/div>\n                    <\/div><!-- .elementskit-blog-block-post .radius .gradient-bg END -->\n                \n            <\/div>\n                    <div class=\"col-md-12\">\n\n                                    <div class=\"elementskit-blog-block-post\">\n                        <div class=\"row no-gutters\">\n                                                            <div class=\"col-md-6 order-1\">\n                                    <a href=\"https:\/\/dentx.international\/sq\/2026\/02\/27\/dental-implant-failures-what-smart-patients-should-ask-before-choosing-a-clinic\/\" class=\"elementskit-entry-thumb\">\n                                        <img decoding=\"async\" src=\"https:\/\/dentx.international\/wp-content\/uploads\/2026\/02\/Dental-Implant_Dental-Implant-02-scaled.jpg\" alt=\"D\u00ebshtimet e Implanteve Dentare: \u00c7far\u00eb Duhet t\u00eb Pyesin Pacient\u00ebt e Zgjuar Para se t\u00eb Zgjedhin nj\u00eb Klinik\u00eb\">\n                                    <\/a><!-- .elementskit-entry-thumb END -->\n                                <\/div>\n                            \n                            <div class=\"col-md-6 order-2\">\n                                <div class=\"elementskit-post-body \">\n                                    <div class=\"elementskit-entry-header\">\n                                        \n                                                                                                                                        \n                                            \n                                                                                            \t\t\t\t<h2 class=\"entry-title\">\n\t\t\t\t\t<a href=\"https:\/\/dentx.international\/sq\/2026\/02\/27\/dental-implant-failures-what-smart-patients-should-ask-before-choosing-a-clinic\/\">\n\t\t\t\t\t\tD\u00ebshtimet e Implanteve Dentare: \u00c7far\u00eb Duhet t\u00eb Pyesin Pacient\u00ebt e Zgjuar Para se t\u00eb Zgjedhin nj\u00eb Klinik\u00eb\t\t\t\t\t<\/a>\n\t\t\t\t<\/h2>\n\t\t\t                                                                                <\/div><!-- .elementskit-entry-header END -->\n\n                                                                            <div class=\"elementskit-post-footer\">\n                                                                                            <p>Implantet dentare kan\u00eb revolucionarizuar stomatologjin\u00eb moderne, duke u [&hellip;]<\/p>\n                                                                                                                                <\/div><!-- .elementskit-post-footer END -->\n                                                                    <\/div><!-- .elementskit-post-body END -->\n                            <\/div>\n                        <\/div>\n                    <\/div><!-- .elementskit-blog-block-post .radius .gradient-bg END -->\n                \n            <\/div>\n                <\/div>\n       <\/div>\t\t\t\t<\/div>\n\t\t\t\t<\/div>\n\t\t\t\t<\/div>\n\t\t\t\t<\/div>\n\t\t\t\t<\/div>\n\t\t","protected":false},"excerpt":{"rendered":"<p>Njohurit\u00eb tona m\u00eb t\u00eb fundit mbi stomatologjin\u00eb moderne [&hellip;]<\/p>\n","protected":false},"author":1,"featured_media":0,"parent":0,"menu_order":0,"comment_status":"closed","ping_status":"closed","template":"","meta":{"footnotes":""},"class_list":["post-11142","page","type-page","status-publish","hentry"],"_links":{"self":[{"href":"https:\/\/dentx.international\/sq\/wp-json\/wp\/v2\/pages\/11142","targetHints":{"allow":["GET"]}}],"collection":[{"href":"https:\/\/dentx.international\/sq\/wp-json\/wp\/v2\/pages"}],"about":[{"href":"https:\/\/dentx.international\/sq\/wp-json\/wp\/v2\/types\/page"}],"author":[{"embeddable":true,"href":"https:\/\/dentx.international\/sq\/wp-json\/wp\/v2\/users\/1"}],"replies":[{"embeddable":true,"href":"https:\/\/dentx.international\/sq\/wp-json\/wp\/v2\/comments?post=11142"}],"version-history":[{"count":0,"href":"https:\/\/dentx.international\/sq\/wp-json\/wp\/v2\/pages\/11142\/revisions"}],"wp:attachment":[{"href":"https:\/\/dentx.international\/sq\/wp-json\/wp\/v2\/media?parent=11142"}],"curies":[{"name":"wp","href":"https:\/\/api.w.org\/{rel}","templated":true}]}}