{"id":10527,"date":"2025-03-31T12:21:21","date_gmt":"2025-03-31T12:21:21","guid":{"rendered":"https:\/\/dentx.international\/blog\/"},"modified":"2026-03-02T09:02:26","modified_gmt":"2026-03-02T09:02:26","slug":"blog","status":"publish","type":"page","link":"https:\/\/dentx.international\/ro\/blog\/","title":{"rendered":"Blog"},"content":{"rendered":"\t\t<div data-elementor-type=\"wp-page\" data-elementor-id=\"10527\" class=\"elementor elementor-10527\" data-elementor-post-type=\"page\">\n\t\t\t\t<div class=\"elementor-element elementor-element-3c6619a e-con-full e-flex e-con e-parent\" data-id=\"3c6619a\" data-element_type=\"container\" data-e-type=\"container\">\n\t\t<div class=\"elementor-element elementor-element-2f144d2 e-con-full e-flex e-con e-child\" data-id=\"2f144d2\" data-element_type=\"container\" data-e-type=\"container\" data-settings=\"{&quot;background_background&quot;:&quot;classic&quot;}\">\n\t\t<div class=\"elementor-element elementor-element-ca5c6cc e-con-full e-flex e-con e-child\" data-id=\"ca5c6cc\" data-element_type=\"container\" data-e-type=\"container\">\n\t\t\t\t<div class=\"elementor-element elementor-element-d2b3d75 at-heading-animation at-animation-heading-style-3 elementor-widget elementor-widget-heading\" data-id=\"d2b3d75\" data-element_type=\"widget\" data-e-type=\"widget\" data-widget_type=\"heading.default\">\n\t\t\t\t\t<h2 class=\"elementor-heading-title elementor-size-default\">Cele mai recente perspective asupra stomatologiei moderne \u0219i a s\u0103n\u0103t\u0103\u021bii orale<\/h2>\t\t\t\t<\/div>\n\t\t\t\t<\/div>\n\t\t<div class=\"elementor-element elementor-element-360372a e-con-full e-flex elementor-invisible e-con e-child\" data-id=\"360372a\" data-element_type=\"container\" data-e-type=\"container\" data-settings=\"{&quot;animation&quot;:&quot;fadeInUp&quot;}\">\n\t\t\t\t<div class=\"elementor-element elementor-element-b5f600a our-blog elementor-widget elementor-widget-elementskit-blog-posts\" data-id=\"b5f600a\" data-element_type=\"widget\" data-e-type=\"widget\" data-widget_type=\"elementskit-blog-posts.default\">\n\t\t\t\t\t<div class=\"ekit-wid-con\" >        <div id=\"post-items--b5f600a\" class=\"row post-items\">\n                    <div class=\"col-md-12\">\n\n                                    <div class=\"elementskit-blog-block-post\">\n                        <div class=\"row no-gutters\">\n                                                            <div class=\"col-md-6 order-1\">\n                                    <a href=\"https:\/\/dentx.international\/ro\/2026\/02\/27\/10-mistakes-europeans-make-when-traveling-for-dental-treatments-and-how-to-avoid-them\/\" class=\"elementskit-entry-thumb\">\n                                        <img decoding=\"async\" src=\"https:\/\/dentx.international\/wp-content\/uploads\/2026\/02\/Aesthetic-Dentistry-_Aesthetic-Dentistry-04-scaled.jpg\" alt=\"10 Gre\u0219eli Pe Care Le Fac Europenii C\u00e2nd C\u0103l\u0103toresc Pentru Tratamente Dentare (\u0218i Cum S\u0103 Le Evi\u021bi)\">\n                                    <\/a><!-- .elementskit-entry-thumb END -->\n                                <\/div>\n                            \n                            <div class=\"col-md-6 order-2\">\n                                <div class=\"elementskit-post-body \">\n                                    <div class=\"elementskit-entry-header\">\n                                        \n                                                                                                                                        \n                                            \n                                                                                            \t\t\t\t<h2 class=\"entry-title\">\n\t\t\t\t\t<a href=\"https:\/\/dentx.international\/ro\/2026\/02\/27\/10-mistakes-europeans-make-when-traveling-for-dental-treatments-and-how-to-avoid-them\/\">\n\t\t\t\t\t\t10 Gre\u0219eli Pe Care Le Fac Europenii C\u00e2nd C\u0103l\u0103toresc Pentru Tratamente Dentare (\u0218i Cum S\u0103 Le Evi\u021bi)\t\t\t\t\t<\/a>\n\t\t\t\t<\/h2>\n\t\t\t                                                                                <\/div><!-- .elementskit-entry-header END -->\n\n                                                                            <div class=\"elementskit-post-footer\">\n                                                                                            <p>\u00cen ultimii ani, turismul dentar a crescut semnificativ [&hellip;]<\/p>\n                                                                                                                                <\/div><!-- .elementskit-post-footer END -->\n                                                                    <\/div><!-- .elementskit-post-body END -->\n                            <\/div>\n                        <\/div>\n                    <\/div><!-- .elementskit-blog-block-post .radius .gradient-bg END -->\n                \n            <\/div>\n                    <div class=\"col-md-12\">\n\n                                    <div class=\"elementskit-blog-block-post\">\n                        <div class=\"row no-gutters\">\n                                                            <div class=\"col-md-6 order-1\">\n                                    <a href=\"https:\/\/dentx.international\/ro\/2026\/02\/27\/the-real-costs-of-dental-tourism-in-2025-beyond-the-cheap-deals-what-premium-clinics-offer-that-bargain-clinics-dont\/\" class=\"elementskit-entry-thumb\">\n                                        <img decoding=\"async\" src=\"https:\/\/dentx.international\/wp-content\/uploads\/2026\/02\/Dental-Implant_Dental-Implant-scaled.jpg\" alt=\"Costurile Reale ale Turismului Dentar \u00een 2025: Dincolo de Ofertele Ieftine (Ce Ofer\u0103 Clinicile Premium \u0219i Clinicile de Buget Nu Ofer\u0103)\">\n                                    <\/a><!-- .elementskit-entry-thumb END -->\n                                <\/div>\n                            \n                            <div class=\"col-md-6 order-2\">\n                                <div class=\"elementskit-post-body \">\n                                    <div class=\"elementskit-entry-header\">\n                                        \n                                                                                                                                        \n                                            \n                                                                                            \t\t\t\t<h2 class=\"entry-title\">\n\t\t\t\t\t<a href=\"https:\/\/dentx.international\/ro\/2026\/02\/27\/the-real-costs-of-dental-tourism-in-2025-beyond-the-cheap-deals-what-premium-clinics-offer-that-bargain-clinics-dont\/\">\n\t\t\t\t\t\tCosturile Reale ale Turismului Dentar \u00een 2025: Dincolo de Ofertele Ieftine (Ce Ofer\u0103 Clinicile Premium \u0219i Clinicile de Buget Nu Ofer\u0103)\t\t\t\t\t<\/a>\n\t\t\t\t<\/h2>\n\t\t\t                                                                                <\/div><!-- .elementskit-entry-header END -->\n\n                                                                            <div class=\"elementskit-post-footer\">\n                                                                                            <p>Atrac\u021bia de a c\u0103l\u0103tori \u00een str\u0103in\u0103tate pentru \u00eengrijire [&hellip;]<\/p>\n                                                                                                                                <\/div><!-- .elementskit-post-footer END -->\n                                                                    <\/div><!-- .elementskit-post-body END -->\n                            <\/div>\n                        <\/div>\n                    <\/div><!-- .elementskit-blog-block-post .radius .gradient-bg END -->\n                \n            <\/div>\n                    <div class=\"col-md-12\">\n\n                                    <div class=\"elementskit-blog-block-post\">\n                        <div class=\"row no-gutters\">\n                                                            <div class=\"col-md-6 order-1\">\n                                    <a href=\"https:\/\/dentx.international\/ro\/2026\/02\/27\/dental-implant-failures-what-smart-patients-should-ask-before-choosing-a-clinic\/\" class=\"elementskit-entry-thumb\">\n                                        <img decoding=\"async\" src=\"https:\/\/dentx.international\/wp-content\/uploads\/2026\/02\/Dental-Implant_Dental-Implant-02-scaled.jpg\" alt=\"E\u0219ecul Implanturilor Dentare: Ce Ar Trebui s\u0103 \u00centrebe Pacien\u021bii Inteligen\u021bi \u00cenainte de a Alege o Clinic\u0103\">\n                                    <\/a><!-- .elementskit-entry-thumb END -->\n                                <\/div>\n                            \n                            <div class=\"col-md-6 order-2\">\n                                <div class=\"elementskit-post-body \">\n                                    <div class=\"elementskit-entry-header\">\n                                        \n                                                                                                                                        \n                                            \n                                                                                            \t\t\t\t<h2 class=\"entry-title\">\n\t\t\t\t\t<a href=\"https:\/\/dentx.international\/ro\/2026\/02\/27\/dental-implant-failures-what-smart-patients-should-ask-before-choosing-a-clinic\/\">\n\t\t\t\t\t\tE\u0219ecul Implanturilor Dentare: Ce Ar Trebui s\u0103 \u00centrebe Pacien\u021bii Inteligen\u021bi \u00cenainte de a Alege o Clinic\u0103\t\t\t\t\t<\/a>\n\t\t\t\t<\/h2>\n\t\t\t                                                                                <\/div><!-- .elementskit-entry-header END -->\n\n                                                                            <div class=\"elementskit-post-footer\">\n                                                                                            <p>Implanturile dentare au revolu\u021bionat stomatologia modern\u0103, oferind pacien\u021bilor [&hellip;]<\/p>\n                                                                                                                                <\/div><!-- .elementskit-post-footer END -->\n                                                                    <\/div><!-- .elementskit-post-body END -->\n                            <\/div>\n                        <\/div>\n                    <\/div><!-- .elementskit-blog-block-post .radius .gradient-bg END -->\n                \n            <\/div>\n                <\/div>\n       <\/div>\t\t\t\t<\/div>\n\t\t\t\t<\/div>\n\t\t\t\t<\/div>\n\t\t\t\t<\/div>\n\t\t\t\t<\/div>\n\t\t","protected":false},"excerpt":{"rendered":"<p>Cele mai recente perspective asupra stomatologiei moderne \u0219i [&hellip;]<\/p>\n","protected":false},"author":1,"featured_media":0,"parent":0,"menu_order":0,"comment_status":"closed","ping_status":"closed","template":"","meta":{"footnotes":""},"class_list":["post-10527","page","type-page","status-publish","hentry"],"_links":{"self":[{"href":"https:\/\/dentx.international\/ro\/wp-json\/wp\/v2\/pages\/10527","targetHints":{"allow":["GET"]}}],"collection":[{"href":"https:\/\/dentx.international\/ro\/wp-json\/wp\/v2\/pages"}],"about":[{"href":"https:\/\/dentx.international\/ro\/wp-json\/wp\/v2\/types\/page"}],"author":[{"embeddable":true,"href":"https:\/\/dentx.international\/ro\/wp-json\/wp\/v2\/users\/1"}],"replies":[{"embeddable":true,"href":"https:\/\/dentx.international\/ro\/wp-json\/wp\/v2\/comments?post=10527"}],"version-history":[{"count":0,"href":"https:\/\/dentx.international\/ro\/wp-json\/wp\/v2\/pages\/10527\/revisions"}],"wp:attachment":[{"href":"https:\/\/dentx.international\/ro\/wp-json\/wp\/v2\/media?parent=10527"}],"curies":[{"name":"wp","href":"https:\/\/api.w.org\/{rel}","templated":true}]}}