{"id":9378,"date":"2025-03-31T12:21:21","date_gmt":"2025-03-31T12:21:21","guid":{"rendered":"https:\/\/dentx.international\/blog\/"},"modified":"2026-03-02T06:01:58","modified_gmt":"2026-03-02T06:01:58","slug":"blog","status":"publish","type":"page","link":"https:\/\/dentx.international\/fr\/blog\/","title":{"rendered":"Blog"},"content":{"rendered":"\t\t<div data-elementor-type=\"wp-page\" data-elementor-id=\"9378\" class=\"elementor elementor-9378\" data-elementor-post-type=\"page\">\n\t\t\t\t<div class=\"elementor-element elementor-element-3c6619a e-con-full e-flex e-con e-parent\" data-id=\"3c6619a\" data-element_type=\"container\" data-e-type=\"container\">\n\t\t<div class=\"elementor-element elementor-element-2f144d2 e-con-full e-flex e-con e-child\" data-id=\"2f144d2\" data-element_type=\"container\" data-e-type=\"container\" data-settings=\"{&quot;background_background&quot;:&quot;classic&quot;}\">\n\t\t<div class=\"elementor-element elementor-element-ca5c6cc e-con-full e-flex e-con e-child\" data-id=\"ca5c6cc\" data-element_type=\"container\" data-e-type=\"container\">\n\t\t\t\t<div class=\"elementor-element elementor-element-d2b3d75 at-heading-animation at-animation-heading-style-3 elementor-widget elementor-widget-heading\" data-id=\"d2b3d75\" data-element_type=\"widget\" data-e-type=\"widget\" data-widget_type=\"heading.default\">\n\t\t\t\t\t<h2 class=\"elementor-heading-title elementor-size-default\">Nos derni\u00e8res d\u00e9couvertes en mati\u00e8re de dentisterie moderne et de sant\u00e9 bucco-dentaire<\/h2>\t\t\t\t<\/div>\n\t\t\t\t<\/div>\n\t\t<div class=\"elementor-element elementor-element-360372a e-con-full e-flex elementor-invisible e-con e-child\" data-id=\"360372a\" data-element_type=\"container\" data-e-type=\"container\" data-settings=\"{&quot;animation&quot;:&quot;fadeInUp&quot;}\">\n\t\t\t\t<div class=\"elementor-element elementor-element-b5f600a our-blog elementor-widget elementor-widget-elementskit-blog-posts\" data-id=\"b5f600a\" data-element_type=\"widget\" data-e-type=\"widget\" data-widget_type=\"elementskit-blog-posts.default\">\n\t\t\t\t\t<div class=\"ekit-wid-con\" >        <div id=\"post-items--b5f600a\" class=\"row post-items\">\n                    <div class=\"col-md-12\">\n\n                                    <div class=\"elementskit-blog-block-post\">\n                        <div class=\"row no-gutters\">\n                                                            <div class=\"col-md-6 order-1\">\n                                    <a href=\"https:\/\/dentx.international\/fr\/2026\/02\/27\/10-mistakes-europeans-make-when-traveling-for-dental-treatments-and-how-to-avoid-them\/\" class=\"elementskit-entry-thumb\">\n                                        <img decoding=\"async\" src=\"https:\/\/dentx.international\/wp-content\/uploads\/2026\/02\/Aesthetic-Dentistry-_Aesthetic-Dentistry-04-scaled.jpg\" alt=\"10 erreurs que les Europ\u00e9ens commettent lorsqu\u2019ils voyagent pour des traitements dentaires (et comment les \u00e9viter)\">\n                                    <\/a><!-- .elementskit-entry-thumb END -->\n                                <\/div>\n                            \n                            <div class=\"col-md-6 order-2\">\n                                <div class=\"elementskit-post-body \">\n                                    <div class=\"elementskit-entry-header\">\n                                        \n                                                                                                                                        \n                                            \n                                                                                            \t\t\t\t<h2 class=\"entry-title\">\n\t\t\t\t\t<a href=\"https:\/\/dentx.international\/fr\/2026\/02\/27\/10-mistakes-europeans-make-when-traveling-for-dental-treatments-and-how-to-avoid-them\/\">\n\t\t\t\t\t\t10 erreurs que les Europ\u00e9ens commettent lorsqu\u2019ils voyagent pour des traitements dentaires (et comment les \u00e9viter)\t\t\t\t\t<\/a>\n\t\t\t\t<\/h2>\n\t\t\t                                                                                <\/div><!-- .elementskit-entry-header END -->\n\n                                                                            <div class=\"elementskit-post-footer\">\n                                                                                            <p>Ces derni\u00e8res ann\u00e9es, le tourisme dentaire a fortement [&hellip;]<\/p>\n                                                                                                                                <\/div><!-- .elementskit-post-footer END -->\n                                                                    <\/div><!-- .elementskit-post-body END -->\n                            <\/div>\n                        <\/div>\n                    <\/div><!-- .elementskit-blog-block-post .radius .gradient-bg END -->\n                \n            <\/div>\n                    <div class=\"col-md-12\">\n\n                                    <div class=\"elementskit-blog-block-post\">\n                        <div class=\"row no-gutters\">\n                                                            <div class=\"col-md-6 order-1\">\n                                    <a href=\"https:\/\/dentx.international\/fr\/2026\/02\/27\/the-real-costs-of-dental-tourism-in-2025-beyond-the-cheap-deals-what-premium-clinics-offer-that-bargain-clinics-dont\/\" class=\"elementskit-entry-thumb\">\n                                        <img decoding=\"async\" src=\"https:\/\/dentx.international\/wp-content\/uploads\/2026\/02\/Dental-Implant_Dental-Implant-scaled.jpg\" alt=\"Les co\u00fbts r\u00e9els du tourisme dentaire en 2025 : au-del\u00e0 des offres bon march\u00e9 (ce que les cliniques premium offrent que les cliniques low-cost n\u2019offrent pas)\">\n                                    <\/a><!-- .elementskit-entry-thumb END -->\n                                <\/div>\n                            \n                            <div class=\"col-md-6 order-2\">\n                                <div class=\"elementskit-post-body \">\n                                    <div class=\"elementskit-entry-header\">\n                                        \n                                                                                                                                        \n                                            \n                                                                                            \t\t\t\t<h2 class=\"entry-title\">\n\t\t\t\t\t<a href=\"https:\/\/dentx.international\/fr\/2026\/02\/27\/the-real-costs-of-dental-tourism-in-2025-beyond-the-cheap-deals-what-premium-clinics-offer-that-bargain-clinics-dont\/\">\n\t\t\t\t\t\tLes co\u00fbts r\u00e9els du tourisme dentaire en 2025 : au-del\u00e0 des offres bon march\u00e9 (ce que les cliniques premium offrent que les cliniques low-cost n\u2019offrent pas)\t\t\t\t\t<\/a>\n\t\t\t\t<\/h2>\n\t\t\t                                                                                <\/div><!-- .elementskit-entry-header END -->\n\n                                                                            <div class=\"elementskit-post-footer\">\n                                                                                            <p>L\u2019attrait des soins dentaires \u00e0 l\u2019\u00e9tranger continue de [&hellip;]<\/p>\n                                                                                                                                <\/div><!-- .elementskit-post-footer END -->\n                                                                    <\/div><!-- .elementskit-post-body END -->\n                            <\/div>\n                        <\/div>\n                    <\/div><!-- .elementskit-blog-block-post .radius .gradient-bg END -->\n                \n            <\/div>\n                    <div class=\"col-md-12\">\n\n                                    <div class=\"elementskit-blog-block-post\">\n                        <div class=\"row no-gutters\">\n                                                            <div class=\"col-md-6 order-1\">\n                                    <a href=\"https:\/\/dentx.international\/fr\/2026\/02\/27\/dental-implant-failures-what-smart-patients-should-ask-before-choosing-a-clinic\/\" class=\"elementskit-entry-thumb\">\n                                        <img decoding=\"async\" src=\"https:\/\/dentx.international\/wp-content\/uploads\/2026\/02\/Dental-Implant_Dental-Implant-02-scaled.jpg\" alt=\"\u00c9checs des implants dentaires : ce que les patients avis\u00e9s doivent demander avant de choisir une clinique\">\n                                    <\/a><!-- .elementskit-entry-thumb END -->\n                                <\/div>\n                            \n                            <div class=\"col-md-6 order-2\">\n                                <div class=\"elementskit-post-body \">\n                                    <div class=\"elementskit-entry-header\">\n                                        \n                                                                                                                                        \n                                            \n                                                                                            \t\t\t\t<h2 class=\"entry-title\">\n\t\t\t\t\t<a href=\"https:\/\/dentx.international\/fr\/2026\/02\/27\/dental-implant-failures-what-smart-patients-should-ask-before-choosing-a-clinic\/\">\n\t\t\t\t\t\t\u00c9checs des implants dentaires : ce que les patients avis\u00e9s doivent demander avant de choisir une clinique\t\t\t\t\t<\/a>\n\t\t\t\t<\/h2>\n\t\t\t                                                                                <\/div><!-- .elementskit-entry-header END -->\n\n                                                                            <div class=\"elementskit-post-footer\">\n                                                                                            <p>Les implants dentaires ont r\u00e9volutionn\u00e9 la dentisterie moderne, [&hellip;]<\/p>\n                                                                                                                                <\/div><!-- .elementskit-post-footer END -->\n                                                                    <\/div><!-- .elementskit-post-body END -->\n                            <\/div>\n                        <\/div>\n                    <\/div><!-- .elementskit-blog-block-post .radius .gradient-bg END -->\n                \n            <\/div>\n                <\/div>\n       <\/div>\t\t\t\t<\/div>\n\t\t\t\t<\/div>\n\t\t\t\t<\/div>\n\t\t\t\t<\/div>\n\t\t\t\t<\/div>\n\t\t","protected":false},"excerpt":{"rendered":"<p>Nos derni\u00e8res d\u00e9couvertes en mati\u00e8re de dentisterie moderne [&hellip;]<\/p>\n","protected":false},"author":1,"featured_media":0,"parent":0,"menu_order":0,"comment_status":"closed","ping_status":"closed","template":"","meta":{"footnotes":""},"class_list":["post-9378","page","type-page","status-publish","hentry"],"_links":{"self":[{"href":"https:\/\/dentx.international\/fr\/wp-json\/wp\/v2\/pages\/9378","targetHints":{"allow":["GET"]}}],"collection":[{"href":"https:\/\/dentx.international\/fr\/wp-json\/wp\/v2\/pages"}],"about":[{"href":"https:\/\/dentx.international\/fr\/wp-json\/wp\/v2\/types\/page"}],"author":[{"embeddable":true,"href":"https:\/\/dentx.international\/fr\/wp-json\/wp\/v2\/users\/1"}],"replies":[{"embeddable":true,"href":"https:\/\/dentx.international\/fr\/wp-json\/wp\/v2\/comments?post=9378"}],"version-history":[{"count":0,"href":"https:\/\/dentx.international\/fr\/wp-json\/wp\/v2\/pages\/9378\/revisions"}],"wp:attachment":[{"href":"https:\/\/dentx.international\/fr\/wp-json\/wp\/v2\/media?parent=9378"}],"curies":[{"name":"wp","href":"https:\/\/api.w.org\/{rel}","templated":true}]}}