{"id":11148,"date":"2025-04-09T05:59:01","date_gmt":"2025-04-09T05:59:01","guid":{"rendered":"https:\/\/dentx.international\/contact-us\/"},"modified":"2026-03-16T13:57:52","modified_gmt":"2026-03-16T13:57:52","slug":"contact-us","status":"publish","type":"page","link":"https:\/\/dentx.international\/bg\/contact-us\/","title":{"rendered":"Contact Us"},"content":{"rendered":"\t\t<div data-elementor-type=\"wp-page\" data-elementor-id=\"11148\" class=\"elementor elementor-11148\" data-elementor-post-type=\"page\">\n\t\t\t\t<div class=\"elementor-element elementor-element-54ce0a0 e-flex e-con-boxed e-con e-parent\" data-id=\"54ce0a0\" data-element_type=\"container\" data-e-type=\"container\">\n\t\t\t\t\t<div class=\"e-con-inner\">\n\t\t<div class=\"elementor-element elementor-element-cd86397 e-flex e-con-boxed e-con e-child\" data-id=\"cd86397\" data-element_type=\"container\" data-e-type=\"container\" data-settings=\"{&quot;background_background&quot;:&quot;classic&quot;}\">\n\t\t\t\t\t<div class=\"e-con-inner\">\n\t\t<div class=\"elementor-element elementor-element-e0a3c4f e-con-full e-flex e-con e-child\" data-id=\"e0a3c4f\" data-element_type=\"container\" data-e-type=\"container\">\n\t\t\t\t<div class=\"elementor-element elementor-element-8c4f634 at-heading-animation at-animation-heading-style-3 elementor-widget elementor-widget-heading\" data-id=\"8c4f634\" data-element_type=\"widget\" data-e-type=\"widget\" data-widget_type=\"heading.default\">\n\t\t\t\t\t<h1 class=\"elementor-heading-title elementor-size-default\">\u0441\u0432\u044a\u0440\u0436\u0435\u0442\u0435 \u0441\u0435 \u0441 \u043d\u0430\u0441<\/h1>\t\t\t\t<\/div>\n\t\t\t\t<div class=\"elementor-element elementor-element-9c9cf7e elementor-invisible elementor-widget elementor-widget-glowix-breadcrumb\" data-id=\"9c9cf7e\" data-element_type=\"widget\" data-e-type=\"widget\" data-settings=\"{&quot;_animation&quot;:&quot;fadeInUp&quot;}\" data-widget_type=\"glowix-breadcrumb.default\">\n\t\t\t\t<div class=\"elementor-widget-container\">\n\t\t\t\t\t<div role=\"navigation\" aria-label=\"Breadcrumbs\" class=\"breadcrumb-trail breadcrumbs\"><ol class=\"trail-items\"><li class=\"trail-item trail-begin\"><a href=\"https:\/\/dentx.international\/bg\/\" rel=\"home\"><span>Home<\/span><\/a><\/li><li class=\"trail-item trail-end\"><span><span>Contact Us<\/span><\/span><\/li><\/ol><\/div>\t\t\t\t<\/div>\n\t\t\t\t<\/div>\n\t\t\t\t<\/div>\n\t\t\t\t\t<\/div>\n\t\t\t\t<\/div>\n\t\t\t\t\t<\/div>\n\t\t\t\t<\/div>\n\t\t<div class=\"elementor-element elementor-element-f21a21c e-flex e-con-boxed e-con e-parent\" data-id=\"f21a21c\" data-element_type=\"container\" data-e-type=\"container\">\n\t\t\t\t\t<div class=\"e-con-inner\">\n\t\t<div class=\"elementor-element elementor-element-e55caeb e-con-full e-grid e-con e-child\" data-id=\"e55caeb\" data-element_type=\"container\" data-e-type=\"container\">\n\t\t<div class=\"elementor-element elementor-element-af42dea e-con-full e-flex e-con e-child\" data-id=\"af42dea\" data-element_type=\"container\" data-e-type=\"container\">\n\t\t\t\t<div class=\"elementor-element elementor-element-80680aa at-heading-animation at-animation-heading-style-3 elementor-widget elementor-widget-heading\" data-id=\"80680aa\" data-element_type=\"widget\" data-e-type=\"widget\" data-widget_type=\"heading.default\">\n\t\t\t\t\t<h2 class=\"elementor-heading-title elementor-size-default\">\u0421\u0432\u044a\u0440\u0436\u0435\u0442\u0435 \u0441\u0435 \u0441 \u043d\u0430\u0441!<\/h2>\t\t\t\t<\/div>\n\t\t\t\t<div class=\"elementor-element elementor-element-eadb159 elementor-invisible elementor-widget elementor-widget-text-editor\" data-id=\"eadb159\" data-element_type=\"widget\" data-e-type=\"widget\" data-settings=\"{&quot;_animation&quot;:&quot;fadeInUp&quot;}\" data-widget_type=\"text-editor.default\">\n\t\t\t\t\t\t\t\t\t<p>\u0418\u043c\u0430\u0442\u0435 \u0432\u044a\u043f\u0440\u043e\u0441\u0438 \u0438\u043b\u0438 \u0441\u0442\u0435 \u0433\u043e\u0442\u043e\u0432\u0438 \u0434\u0430 \u0442\u0440\u0430\u043d\u0441\u0444\u043e\u0440\u043c\u0438\u0440\u0430\u0442\u0435 \u0443\u0441\u043c\u0438\u0432\u043a\u0430\u0442\u0430 \u0441\u0438? \u0421\u0432\u044a\u0440\u0436\u0435\u0442\u0435 \u0441\u0435 \u0441 \u043d\u0430\u0441 \u043e\u0449\u0435 \u0434\u043d\u0435\u0441 \u0437\u0430 \u0435\u043a\u0441\u043f\u0435\u0440\u0442\u043d\u0438 \u0441\u0442\u043e\u043c\u0430\u0442\u043e\u043b\u043e\u0433\u0438\u0447\u043d\u0438 \u043a\u043e\u043d\u0441\u0443\u043b\u0442\u0430\u0446\u0438\u0438 \u0438 \u0435\u0441\u0442\u0435\u0442\u0438\u0447\u043d\u0430 \u0433\u0440\u0438\u0436\u0430 \u043e\u0442 \u0441\u0432\u0435\u0442\u043e\u0432\u043d\u0430 \u043a\u043b\u0430\u0441\u0430.<\/p>\t\t\t\t\t\t\t\t<\/div>\n\t\t\t\t<div class=\"elementor-element elementor-element-c69a5b0 elementor-icon-list--layout-traditional elementor-list-item-link-full_width elementor-widget elementor-widget-icon-list\" data-id=\"c69a5b0\" data-element_type=\"widget\" data-e-type=\"widget\" data-widget_type=\"icon-list.default\">\n\t\t\t\t\t\t\t<ul class=\"elementor-icon-list-items\">\n\t\t\t\t\t\t\t<li class=\"elementor-icon-list-item\">\n\t\t\t\t\t\t\t\t\t\t\t<a href=\"tel:+90%20506%20453%2046%2026\">\n\n\t\t\t\t\t\t\t\t\t\t\t\t<span class=\"elementor-icon-list-icon\">\n\t\t\t\t\t\t\t<i aria-hidden=\"true\" class=\"fas fa-phone-alt\"><\/i>\t\t\t\t\t\t<\/span>\n\t\t\t\t\t\t\t\t\t\t<span class=\"elementor-icon-list-text\">+90 506 453 46 26<\/span>\n\t\t\t\t\t\t\t\t\t\t\t<\/a>\n\t\t\t\t\t\t\t\t\t<\/li>\n\t\t\t\t\t\t\t\t<li class=\"elementor-icon-list-item\">\n\t\t\t\t\t\t\t\t\t\t\t<a href=\"mailto:international@dentx.com.tr\">\n\n\t\t\t\t\t\t\t\t\t\t\t\t<span class=\"elementor-icon-list-icon\">\n\t\t\t\t\t\t\t<i aria-hidden=\"true\" class=\"icon icon-email1\"><\/i>\t\t\t\t\t\t<\/span>\n\t\t\t\t\t\t\t\t\t\t<span class=\"elementor-icon-list-text\">international@dentx.com.tr<\/span>\n\t\t\t\t\t\t\t\t\t\t\t<\/a>\n\t\t\t\t\t\t\t\t\t<\/li>\n\t\t\t\t\t\t<\/ul>\n\t\t\t\t\t\t<\/div>\n\t\t<div class=\"elementor-element elementor-element-ae0eaeb e-con-full e-flex e-con e-child\" data-id=\"ae0eaeb\" data-element_type=\"container\" data-e-type=\"container\">\n\t\t<div class=\"elementor-element elementor-element-01880d4 e-con-full e-flex elementor-invisible e-con e-child\" data-id=\"01880d4\" data-element_type=\"container\" data-e-type=\"container\" data-settings=\"{&quot;animation&quot;:&quot;fadeInUp&quot;}\">\n\t\t\t\t<div class=\"elementor-element elementor-element-6f594cf contact-info-item ekit-equal-height-enable elementor-widget-mobile__width-inherit elementor-widget elementor-widget-elementskit-icon-box\" data-id=\"6f594cf\" data-element_type=\"widget\" data-e-type=\"widget\" data-widget_type=\"elementskit-icon-box.default\">\n\t\t\t\t\t<div class=\"ekit-wid-con\" >        <!-- link opening -->\n                <a href=\"#\" class=\"ekit_global_links\">\n                <!-- end link opening -->\n\n        <div class=\"elementskit-infobox text-left text- icon-lef-right-aligin elementor-animation-   \">\n                        <div class=\"box-body\">\n                            <h3 class=\"elementskit-info-box-title\">\n                    Dortmund \u041e\u0444\u0438\u0441                <\/h3>\n                        \t\t  \t<p>Von-der-Tann-Stra\u00dfe 18, 44143 Dortmund  <br>  +49 1577 4014783\n<\/p>\n                                <\/div>\n        \n        \n                <\/div>\n                <\/a>\n        <\/div>\t\t\t\t<\/div>\n\t\t\t\t<\/div>\n\t\t<div class=\"elementor-element elementor-element-f45c11a e-con-full e-flex elementor-invisible e-con e-child\" data-id=\"f45c11a\" data-element_type=\"container\" data-e-type=\"container\" data-settings=\"{&quot;animation&quot;:&quot;fadeInUp&quot;}\">\n\t\t\t\t<div class=\"elementor-element elementor-element-8b28404 contact-info-item ekit-equal-height-enable elementor-widget-mobile__width-inherit elementor-widget elementor-widget-elementskit-icon-box\" data-id=\"8b28404\" data-element_type=\"widget\" data-e-type=\"widget\" data-widget_type=\"elementskit-icon-box.default\">\n\t\t\t\t\t<div class=\"ekit-wid-con\" >        <!-- link opening -->\n                <!-- end link opening -->\n\n        <div class=\"elementskit-infobox text-left text- icon-lef-right-aligin elementor-animation-   \">\n                        <div class=\"box-body\">\n                            <h3 class=\"elementskit-info-box-title\">\n                    Marseille \u041e\u0444\u0438\u0441                <\/h3>\n                        \t\t  \t<p>423 Boulevard Mar\u00e9chal Foch, Salon-de-Provence  <br> <br> \n+49 1577 4014783\n<\/p>\n                                <\/div>\n        \n        \n                <\/div>\n        <\/div>\t\t\t\t<\/div>\n\t\t\t\t<\/div>\n\t\t<div class=\"elementor-element elementor-element-ec92af6 e-con-full e-flex elementor-invisible e-con e-child\" data-id=\"ec92af6\" data-element_type=\"container\" data-e-type=\"container\" data-settings=\"{&quot;animation&quot;:&quot;fadeInUp&quot;,&quot;animation_delay&quot;:100}\">\n\t\t\t\t<div class=\"elementor-element elementor-element-9f5b142 contact-info-item ekit-equal-height-enable elementor-widget-mobile__width-inherit elementor-widget elementor-widget-elementskit-icon-box\" data-id=\"9f5b142\" data-element_type=\"widget\" data-e-type=\"widget\" data-widget_type=\"elementskit-icon-box.default\">\n\t\t\t\t\t<div class=\"ekit-wid-con\" >        <!-- link opening -->\n                <a href=\"tel:+90%20506%20453%2046%2026\" class=\"ekit_global_links\">\n                <!-- end link opening -->\n\n        <div class=\"elementskit-infobox text-left text- icon-lef-right-aligin elementor-animation-   \">\n                        <div class=\"box-body\">\n                            <h3 class=\"elementskit-info-box-title\">\n                    Valencia \u041e\u0444\u0438\u0441                <\/h3>\n                        \t\t  \t<p>Avenida de Arag\u00f3n, 30, 8\u00aa planta, Valencia <br>  <br> \n+34 611 31 55 22\n<\/p>\n                                <\/div>\n        \n        \n                <\/div>\n                <\/a>\n        <\/div>\t\t\t\t<\/div>\n\t\t\t\t<\/div>\n\t\t\t\t<\/div>\n\t\t\t\t<\/div>\n\t\t<div class=\"elementor-element elementor-element-a7bbb04 e-con-full e-flex e-con e-child\" data-id=\"a7bbb04\" data-element_type=\"container\" data-e-type=\"container\" data-settings=\"{&quot;background_background&quot;:&quot;classic&quot;}\">\n\t\t\t\t<div class=\"elementor-element elementor-element-21af73c at-heading-animation at-animation-heading-style-3 elementor-widget elementor-widget-heading\" data-id=\"21af73c\" data-element_type=\"widget\" data-e-type=\"widget\" data-widget_type=\"heading.default\">\n\t\t\t\t\t<h2 class=\"elementor-heading-title elementor-size-default\">\u0441\u0442\u0430\u0440\u0442\u0438\u0440\u0430\u0439\u0442\u0435 \u043c\u043e\u044f \u043f\u043b\u0430\u043d \u0437\u0430 \u0443\u0441\u043c\u0438\u0432\u043a\u0430<\/h2>\t\t\t\t<\/div>\n\t\t\t\t<div class=\"elementor-element elementor-element-0744de3 booking-Appointment elementor-invisible elementor-widget elementor-widget-elementskit-contact-form7\" data-id=\"0744de3\" data-element_type=\"widget\" data-e-type=\"widget\" data-settings=\"{&quot;_animation&quot;:&quot;fadeInUp&quot;}\" data-widget_type=\"elementskit-contact-form7.default\">\n\t\t\t\t\t<div class=\"ekit-wid-con\" ><div class=\"ekit-form\">\n<div class=\"wpcf7 no-js\" id=\"wpcf7-f14894-p11148-o1\" lang=\"en-US\" dir=\"ltr\" data-wpcf7-id=\"14894\">\n<div class=\"screen-reader-response\"><p role=\"status\" aria-live=\"polite\" aria-atomic=\"true\"><\/p> <ul><\/ul><\/div>\n<form action=\"\/bg\/contact-us\/#wpcf7-f14894-p11148-o1\" method=\"post\" class=\"wpcf7-form init\" aria-label=\"Contact form\" novalidate=\"novalidate\" data-status=\"init\">\n<fieldset class=\"hidden-fields-container\"><input type=\"hidden\" name=\"_wpcf7\" value=\"14894\" \/><input type=\"hidden\" name=\"_wpcf7_version\" value=\"6.1.5\" \/><input type=\"hidden\" name=\"_wpcf7_locale\" value=\"en_US\" \/><input type=\"hidden\" name=\"_wpcf7_unit_tag\" value=\"wpcf7-f14894-p11148-o1\" \/><input type=\"hidden\" name=\"_wpcf7_container_post\" value=\"11148\" \/><input type=\"hidden\" name=\"_wpcf7_posted_data_hash\" value=\"\" \/>\n<\/fieldset>\n<div class=\"row\">\n    <div class=\"form-group col-md-6 mb-4\">\n        <span class=\"wpcf7-form-control-wrap\" data-name=\"first-name\"><input size=\"40\" maxlength=\"400\" class=\"wpcf7-form-control wpcf7-text wpcf7-validates-as-required form-control\" id=\"name\" aria-required=\"true\" aria-invalid=\"false\" placeholder=\"\u0421\u043e\u0431\u0441\u0442\u0432\u0435\u043d\u043e \u0438\u043c\u0435\" value=\"\" type=\"text\" name=\"first-name\" \/><\/span>\n    <\/div>\n    \n    <div class=\"form-group col-md-6 mb-4\">\n        <span class=\"wpcf7-form-control-wrap\" data-name=\"last-name\"><input size=\"40\" maxlength=\"400\" class=\"wpcf7-form-control wpcf7-text wpcf7-validates-as-required form-control\" aria-required=\"true\" aria-invalid=\"false\" placeholder=\"\u0424\u0430\u043c\u0438\u043b\u0438\u044f\" value=\"\" type=\"text\" name=\"last-name\" \/><\/span>\n    <\/div>\n\n    <div class=\"form-group col-md-6 mb-4\">\n        <span class=\"wpcf7-form-control-wrap\" data-name=\"email\"><input size=\"40\" maxlength=\"400\" class=\"wpcf7-form-control wpcf7-email wpcf7-validates-as-required wpcf7-text wpcf7-validates-as-email form-control\" id=\"email\" aria-required=\"true\" aria-invalid=\"false\" placeholder=\"\u0418\u043c\u0435\u0439\u043b \u0430\u0434\u0440\u0435\u0441\" value=\"\" type=\"email\" name=\"email\" \/><\/span>\n    <\/div>\n\n    <div class=\"form-group col-md-6 mb-4\">\n        <span class=\"wpcf7-form-control-wrap\" data-name=\"phone\"><input size=\"40\" maxlength=\"400\" class=\"wpcf7-form-control wpcf7-text wpcf7-validates-as-required form-control\" id=\"phone\" aria-required=\"true\" aria-invalid=\"false\" placeholder=\"\u0422\u0435\u043b\u0435\u0444\u043e\u043d\u0435\u043d \u043d\u043e\u043c\u0435\u0440\" value=\"\" type=\"text\" name=\"phone\" \/><\/span>\n    <\/div>\n\n    <div class=\"form-group col-md-12 mb-4\">\n        <span class=\"wpcf7-form-control-wrap\" data-name=\"message\"><textarea cols=\"40\" rows=\"10\" maxlength=\"2000\" class=\"wpcf7-form-control wpcf7-textarea form-control\" id=\"msg\" aria-invalid=\"false\" placeholder=\"\u0421\u044a\u043e\u0431\u0449\u0435\u043d\u0438\u0435\" name=\"message\"><\/textarea><\/span>\n    <\/div>\n\n    <div class=\"col-md-12 form-btn\">\n        <input class=\"wpcf7-form-control wpcf7-submit has-spinner btn-default\" id=\"msgSubmit\" type=\"submit\" value=\"\u041f\u043e\u043b\u0443\u0447\u0435\u0442\u0435 \u0431\u0435\u0437\u043f\u043b\u0430\u0442\u043d\u0430\u0442\u0430 \u0441\u0438 \u043a\u043e\u043d\u0441\u0443\u043b\u0442\u0430\u0446\u0438\u044f\" \/>\n    <\/div>\n<\/div><div class=\"wpcf7-response-output\" aria-hidden=\"true\"><\/div>\n<\/form>\n<\/div>\n<\/div><\/div>\t\t\t\t<\/div>\n\t\t\t\t<\/div>\n\t\t\t\t<\/div>\n\t\t\t\t\t<\/div>\n\t\t\t\t<\/div>\n\t\t<div class=\"elementor-element elementor-element-430c4db e-flex e-con-boxed e-con e-parent\" data-id=\"430c4db\" data-element_type=\"container\" data-e-type=\"container\">\n\t\t\t\t\t<div class=\"e-con-inner\">\n\t\t\t\t<div class=\"elementor-element elementor-element-cd7b6b6 at-heading-animation at-animation-heading-style-3 elementor-widget elementor-widget-heading\" data-id=\"cd7b6b6\" data-element_type=\"widget\" data-e-type=\"widget\" data-widget_type=\"heading.default\">\n\t\t\t\t\t<h2 class=\"elementor-heading-title elementor-size-default\">\u041a\u043b\u0438\u043d\u0438\u043a\u0438<\/h2>\t\t\t\t<\/div>\n\t\t<div class=\"elementor-element elementor-element-13e0c55 e-grid e-con-full e-con e-child\" data-id=\"13e0c55\" data-element_type=\"container\" data-e-type=\"container\">\n\t\t\t\t<div class=\"elementor-element elementor-element-46ca747 elementor-widget elementor-widget-icon-box\" data-id=\"46ca747\" data-element_type=\"widget\" data-e-type=\"widget\" data-widget_type=\"icon-box.default\">\n\t\t\t\t\t\t\t<div class=\"elementor-icon-box-wrapper\">\n\n\t\t\t\n\t\t\t\t\t\t<div class=\"elementor-icon-box-content\">\n\n\t\t\t\t\t\t\t\t\t<h4 class=\"elementor-icon-box-title\">\n\t\t\t\t\t\t<a href=\"https:\/\/maps.app.goo.gl\/KHnjC1VsCdS741KfA\" >\n\t\t\t\t\t\t\tDentX K\u00fc\u00e7\u00fckk\u00f6y <br> Dental Clinic\t\t\t\t\t\t<\/a>\n\t\t\t\t\t<\/h4>\n\t\t\t\t\n\t\t\t\t\t\t\t\t\t<p class=\"elementor-icon-box-description\">\n\t\t\t\t\t\t<a href=\"https:\/\/maps.app.goo.gl\/KHnjC1VsCdS741KfA\" target=\"_blank\" style=\"text-decoration: none;color: inherit;align-items: center\">\n    <i class=\"fas fa-map-marker-alt\" style=\"margin-right: 8px;color: #234d6b\"><\/i>\n    L\u041c\u0435\u0441\u0442\u043e\u043f\u043e\u043b\u043e\u0436\u0435\u043d\u0438\u0435\n<\/a>\t\t\t\t\t<\/p>\n\t\t\t\t\n\t\t\t<\/div>\n\t\t\t\n\t\t<\/div>\n\t\t\t\t\t\t<\/div>\n\t\t\t\t<div class=\"elementor-element elementor-element-a6d60fe elementor-widget elementor-widget-icon-box\" data-id=\"a6d60fe\" data-element_type=\"widget\" data-e-type=\"widget\" data-widget_type=\"icon-box.default\">\n\t\t\t\t\t\t\t<div class=\"elementor-icon-box-wrapper\">\n\n\t\t\t\n\t\t\t\t\t\t<div class=\"elementor-icon-box-content\">\n\n\t\t\t\t\t\t\t\t\t<h4 class=\"elementor-icon-box-title\">\n\t\t\t\t\t\t<a href=\"https:\/\/maps.app.goo.gl\/Q3V9R78RRHkmB6Bf9\" target=\"_blank\" >\n\t\t\t\t\t\t\tDentX 5. Levent <br>Dental Clinic\t\t\t\t\t\t<\/a>\n\t\t\t\t\t<\/h4>\n\t\t\t\t\n\t\t\t\t\t\t\t\t\t<p class=\"elementor-icon-box-description\">\n\t\t\t\t\t\t<a href=\"https:\/\/maps.app.goo.gl\/Q3V9R78RRHkmB6Bf9\" target=\"_blank\" style=\"text-decoration: none;color: inherit;align-items: center\">\n    <i class=\"fas fa-map-marker-alt\" style=\"margin-right: 8px;color: #234d6b\"><\/i>\n    \u041c\u0435\u0441\u0442\u043e\u043f\u043e\u043b\u043e\u0436\u0435\u043d\u0438\u0435\n<\/a>\t\t\t\t\t<\/p>\n\t\t\t\t\n\t\t\t<\/div>\n\t\t\t\n\t\t<\/div>\n\t\t\t\t\t\t<\/div>\n\t\t\t\t<div class=\"elementor-element elementor-element-793cbf3 elementor-widget elementor-widget-icon-box\" data-id=\"793cbf3\" data-element_type=\"widget\" data-e-type=\"widget\" data-widget_type=\"icon-box.default\">\n\t\t\t\t\t\t\t<div class=\"elementor-icon-box-wrapper\">\n\n\t\t\t\n\t\t\t\t\t\t<div class=\"elementor-icon-box-content\">\n\n\t\t\t\t\t\t\t\t\t<h4 class=\"elementor-icon-box-title\">\n\t\t\t\t\t\t<a href=\"https:\/\/maps.app.goo.gl\/zGn69J4JZvT71EdR9\" target=\"_blank\" >\n\t\t\t\t\t\t\tDentX Ba\u015fak\u015fehir <br> Dental Clinic\t\t\t\t\t\t<\/a>\n\t\t\t\t\t<\/h4>\n\t\t\t\t\n\t\t\t\t\t\t\t\t\t<p class=\"elementor-icon-box-description\">\n\t\t\t\t\t\t<a href=\"https:\/\/maps.app.goo.gl\/zGn69J4JZvT71EdR9\" target=\"_blank\" style=\"text-decoration: none;color: inherit;align-items: center\">\n    <i class=\"fas fa-map-marker-alt\" style=\"margin-right: 8px;color: #234d6b\"><\/i>\n   \u041c\u0435\u0441\u0442\u043e\u043f\u043e\u043b\u043e\u0436\u0435\u043d\u0438\u0435\n<\/a>\t\t\t\t\t<\/p>\n\t\t\t\t\n\t\t\t<\/div>\n\t\t\t\n\t\t<\/div>\n\t\t\t\t\t\t<\/div>\n\t\t\t\t<div class=\"elementor-element elementor-element-0149a7b elementor-widget elementor-widget-icon-box\" data-id=\"0149a7b\" data-element_type=\"widget\" data-e-type=\"widget\" data-widget_type=\"icon-box.default\">\n\t\t\t\t\t\t\t<div class=\"elementor-icon-box-wrapper\">\n\n\t\t\t\n\t\t\t\t\t\t<div class=\"elementor-icon-box-content\">\n\n\t\t\t\t\t\t\t\t\t<h4 class=\"elementor-icon-box-title\">\n\t\t\t\t\t\t<a href=\"https:\/\/www.google.com\/maps\/place\/DentX+Korupark+A\u011f\u0131z+ve+Di\u015f+Sa\u011fl\u0131\u011f\u0131+Poliklini\u011fi\/@41.0908478,28.9424748,17z\/data=!3m1!4b1!4m6!3m5!1s0x14cab196ecdd1659:0x50d12743b1581b94!8m2!3d41.0908478!4d28.9450551!16s%2Fg%2F11wx8kspf4?entry=ttu&#038;g_ep=EgoyMDI2MDMwNC4xIKXMDSoASAFQAw%3D%3D\" target=\"_blank\" >\n\t\t\t\t\t\t\tDentX Korupark <br> Dental Clinic\t\t\t\t\t\t<\/a>\n\t\t\t\t\t<\/h4>\n\t\t\t\t\n\t\t\t\t\t\t\t\t\t<p class=\"elementor-icon-box-description\">\n\t\t\t\t\t\t<a href=\"https:\/\/maps.app.goo.gl\/7sgkxGBo3RZT9yve6\" target=\"_blank\" style=\"text-decoration: none;color: inherit;align-items: center\">\n    <i class=\"fas fa-map-marker-alt\" style=\"margin-right: 8px;color: #234d6b\"><\/i>\n   \u041c\u0435\u0441\u0442\u043e\u043f\u043e\u043b\u043e\u0436\u0435\u043d\u0438\u0435\n<\/a>\t\t\t\t\t<\/p>\n\t\t\t\t\n\t\t\t<\/div>\n\t\t\t\n\t\t<\/div>\n\t\t\t\t\t\t<\/div>\n\t\t\t\t<\/div>\n\t\t\t\t\t<\/div>\n\t\t\t\t<\/div>\n\t\t<div class=\"elementor-element elementor-element-b86fe4f e-flex e-con-boxed e-con e-parent\" data-id=\"b86fe4f\" data-element_type=\"container\" data-e-type=\"container\" data-settings=\"{&quot;background_background&quot;:&quot;classic&quot;}\">\n\t\t\t\t\t<div class=\"e-con-inner\">\n\t\t<div class=\"elementor-element elementor-element-0dab39a border-radius-section e-flex e-con-boxed e-con e-child\" data-id=\"0dab39a\" data-element_type=\"container\" data-e-type=\"container\" data-settings=\"{&quot;background_background&quot;:&quot;classic&quot;}\">\n\t\t\t\t\t<div class=\"e-con-inner\">\n\t\t<div class=\"elementor-element elementor-element-207b212 e-con-full e-flex e-con e-child\" data-id=\"207b212\" data-element_type=\"container\" data-e-type=\"container\">\n\t\t\t\t<div class=\"elementor-element elementor-element-5367f6f at-heading-animation at-animation-heading-style-3 elementor-widget elementor-widget-heading\" data-id=\"5367f6f\" data-element_type=\"widget\" data-e-type=\"widget\" data-widget_type=\"heading.default\">\n\t\t\t\t\t<h1 class=\"elementor-heading-title elementor-size-default\">\u0421\u0422\u041e\u041c\u0410\u0422\u041e\u041b\u041e\u0413\u0418\u0427\u041d\u041e \u041b\u0415\u0427\u0415\u041d\u0418\u0415 \u0412 \u0422\u0423\u0420\u0426\u0418\u042f<\/h1>\t\t\t\t<\/div>\n\t\t\t\t<div class=\"elementor-element elementor-element-a8639db elementor-invisible elementor-widget elementor-widget-text-editor\" data-id=\"a8639db\" data-element_type=\"widget\" data-e-type=\"widget\" data-settings=\"{&quot;_animation&quot;:&quot;fadeInUp&quot;}\" data-widget_type=\"text-editor.default\">\n\t\t\t\t\t\t\t\t\t<p>\u0411\u0435\u0437\u043f\u043b\u0430\u0442\u043d\u0430 \u043e\u043d\u043b\u0430\u0439\u043d \u043a\u043e\u043d\u0441\u0443\u043b\u0442\u0430\u0446\u0438\u044f, \u043f\u043b\u0430\u043d\u0438\u0440\u0430\u043d\u0435 \u043d\u0430 \u043b\u0435\u0447\u0435\u043d\u0438\u0435, \u043f\u043e\u0434\u0434\u0440\u044a\u0436\u043a\u0430 \u0441 \u043f\u0440\u0435\u0432\u043e\u0434\u0430\u0447, VIP \u0442\u0440\u0430\u043d\u0441\u0444\u0435\u0440 \u0438 \u043a\u043e\u043e\u0440\u0434\u0438\u043d\u0430\u0446\u0438\u044f \u0441 5-\u0437\u0432\u0435\u0437\u0434\u0435\u043d \u0445\u043e\u0442\u0435\u043b. \u0412\u0441\u0435\u043a\u0438 \u0434\u0435\u0442\u0430\u0439\u043b \u0441\u0435 \u0443\u043f\u0440\u0430\u0432\u043b\u044f\u0432\u0430 \u0438\u0437\u0446\u044f\u043b\u043e, \u0437\u0430 \u0434\u0430 \u0441\u0435 \u043f\u043e\u0447\u0443\u0432\u0441\u0442\u0432\u0430 \u0432\u0430\u0448\u0435\u0442\u043e \u043f\u044a\u0442\u0443\u0432\u0430\u043d\u0435 \u043b\u0435\u0441\u043d\u043e \u0438 \u0431\u0435\u0437 \u0443\u0441\u0438\u043b\u0438\u0435.<\/p>\t\t\t\t\t\t\t\t<\/div>\n\t\t<div class=\"elementor-element elementor-element-94f516d e-con-full e-flex elementor-invisible e-con e-child\" data-id=\"94f516d\" data-element_type=\"container\" data-e-type=\"container\" data-settings=\"{&quot;animation&quot;:&quot;fadeInUp&quot;,&quot;animation_delay&quot;:200}\">\n\t\t\t\t<div class=\"elementor-element elementor-element-dca905c btn-highlighted elementor-widget elementor-widget-button\" data-id=\"dca905c\" data-element_type=\"widget\" data-e-type=\"widget\" data-widget_type=\"button.default\">\n\t\t\t\t\t\t\t\t\t\t<a class=\"elementor-button elementor-button-link elementor-size-sm\" href=\"https:\/\/calendly.com\/dentxinternational\/dentx-online-dental-consultation?month=2026-03\">\n\t\t\t\t\t\t<span class=\"elementor-button-content-wrapper\">\n\t\t\t\t\t\t<span class=\"elementor-button-icon\">\n\t\t\t\t<svg xmlns=\"http:\/\/www.w3.org\/2000\/svg\" width=\"15\" height=\"15\" viewBox=\"0 0 15 15\" fill=\"none\"><path d=\"M12.157 4.14171L1.7154 14.5833L0 12.8679L10.4404 2.42631H1.23863V0H14.5833V13.3447H12.157V4.14171Z\" fill=\"currentColor\"><\/path><\/svg>\t\t\t<\/span>\n\t\t\t\t\t\t\t\t\t<span class=\"elementor-button-text\">Get Free Consultation<\/span>\n\t\t\t\t\t<\/span>\n\t\t\t\t\t<\/a>\n\t\t\t\t\t\t\t\t<\/div>\n\t\t\t\t<\/div>\n\t\t\t\t<\/div>\n\t\t\t\t\t<\/div>\n\t\t\t\t<\/div>\n\t\t\t\t\t<\/div>\n\t\t\t\t<\/div>\n\t\t\t\t<\/div>\n\t\t","protected":false},"excerpt":{"rendered":"<p>\u0441\u0432\u044a\u0440\u0436\u0435\u0442\u0435 \u0441\u0435 \u0441 \u043d\u0430\u0441 Home \u0421\u0432\u044a\u0440\u0436\u0435\u0442\u0435 \u0441\u0435 \u0441 [&hellip;]<\/p>\n","protected":false},"author":1,"featured_media":0,"parent":0,"menu_order":0,"comment_status":"closed","ping_status":"closed","template":"elementor_header_footer","meta":{"footnotes":""},"class_list":["post-11148","page","type-page","status-publish","hentry"],"_links":{"self":[{"href":"https:\/\/dentx.international\/bg\/wp-json\/wp\/v2\/pages\/11148","targetHints":{"allow":["GET"]}}],"collection":[{"href":"https:\/\/dentx.international\/bg\/wp-json\/wp\/v2\/pages"}],"about":[{"href":"https:\/\/dentx.international\/bg\/wp-json\/wp\/v2\/types\/page"}],"author":[{"embeddable":true,"href":"https:\/\/dentx.international\/bg\/wp-json\/wp\/v2\/users\/1"}],"replies":[{"embeddable":true,"href":"https:\/\/dentx.international\/bg\/wp-json\/wp\/v2\/comments?post=11148"}],"version-history":[{"count":0,"href":"https:\/\/dentx.international\/bg\/wp-json\/wp\/v2\/pages\/11148\/revisions"}],"wp:attachment":[{"href":"https:\/\/dentx.international\/bg\/wp-json\/wp\/v2\/media?parent=11148"}],"curies":[{"name":"wp","href":"https:\/\/api.w.org\/{rel}","templated":true}]}}